{"id":2039,"date":"2017-03-31T08:20:32","date_gmt":"2017-03-31T07:20:32","guid":{"rendered":"http:\/\/newmobility.news\/?page_id=2039"},"modified":"2022-02-12T04:23:19","modified_gmt":"2022-02-12T03:23:19","slug":"politique-de-confidentialite","status":"publish","type":"page","link":"https:\/\/newmobility.news\/fr\/privacy-policy\/","title":{"rendered":"Politique de confidentialit\u00e9"},"content":{"rendered":"<div id=\"page-wrap\" data-reactid=\".0.2\">\n<div class=\"container\" data-reactid=\".0.2.0\">\n<div class=\"row\" data-reactid=\".0.2.0.0\">\n<div class=\"col-xs-12 col-md-8 col-md-offset-2\" data-reactid=\".0.2.0.0.0\">\n<div data-reactid=\".0.2.0.0.0.1\">\n<p>B2BNews Agency bvba\/sprl, op\u00e9rant sous le nom de Newmobility.news, en tant que responsable du traitement et sous-traitant des informations personnelles collect\u00e9es via l'utilisation de ce site, s'engage \u00e0 prot\u00e9ger votre vie priv\u00e9e. \u00c0 cet \u00e9gard, Newmobility.news a adopt\u00e9 la pr\u00e9sente politique de confidentialit\u00e9 qui vous informe sur les informations que nous collectons en ligne et sur la mani\u00e8re dont nous les utilisons.<\/p>\n<p>En utilisant ce site, vous comprenez et acceptez les conditions \u00e9nonc\u00e9es dans les pr\u00e9sentes.<\/p>\n<h4>I Collecte de renseignements personnels<\/h4>\n<h4>a) Informations personnelles collect\u00e9es automatiquement<\/h4>\n<p>Lorsque vous visitez notre site, certaines informations peuvent \u00eatre collect\u00e9es automatiquement, telles que le site web qui vous a redirig\u00e9 vers nous, votre adresse IP, des informations sur votre navigateur et votre heure d'acc\u00e8s. Nous pouvons \u00e9galement collecter des informations de navigation, telles que les pages que vous consultez ou les actions effectu\u00e9es en rapport avec ce site. Nous pouvons combiner vos informations de visite et de navigation avec les informations personnelles que vous nous fournissez.<\/p>\n<h4>b) Donn\u00e9es personnelles fournies par vous<\/h4>\n<p>Lorsque vous vous inscrivez sur ce site, vous devez remplir un formulaire d'inscription et fournir des informations personnelles telles que : votre nom, votre adresse, votre num\u00e9ro de t\u00e9l\u00e9phone, votre adresse e-mail, le nom et le titre de votre entreprise, votre num\u00e9ro de TVA, votre nom d'utilisateur et votre mot de passe. D'autres informations suppl\u00e9mentaires seront collect\u00e9es afin de traiter toute transaction relative \u00e0 une licence ou de vous fournir certains produits ou services (par exemple, votre num\u00e9ro de carte de cr\u00e9dit et votre adresse de facturation).<\/p>\n<h4>II Utilisation des informations personnelles<\/h4>\n<p>Les donn\u00e9es personnelles collect\u00e9es par Newmobility.news sont destin\u00e9es \u00e0 un usage interne uniquement et plus particuli\u00e8rement \u00e0 :<\/p>\n<ul>\n<li>traiter les commandes et \u00e9mettre les factures ;<\/li>\n<li>maintenir et mettre \u00e0 jour votre compte ;<\/li>\n<li>vous envoyer nos produits, promotions et publicit\u00e9s ;<\/li>\n<li>vous envoyer des informations sur nos nouveaux produits et services ;<\/li>\n<li>cr\u00e9er un profil d'activit\u00e9 de notre site ;<\/li>\n<li>optimiser l'utilisation de notre site<\/li>\n<\/ul>\n<p>Newmobility.news peut utiliser certaines informations de votre compte pour effectuer des v\u00e9rifications de solvabilit\u00e9.<\/p>\n<h4>III Stockage des informations personnelles<\/h4>\n<p>Les donn\u00e9es personnelles vis\u00e9es \u00e0 la section I seront conserv\u00e9es par Newmobility.news aussi longtemps que n\u00e9cessaire pour atteindre les objectifs qui ont justifi\u00e9 leur collecte.<\/p>\n<h4>IV. Partage des informations personnelles<\/h4>\n<p>En nous fournissant vos informations personnelles, vous acceptez que :<\/p>\n<ul>\n<li>ces donn\u00e9es peuvent \u00eatre trait\u00e9es, stock\u00e9es ou transf\u00e9r\u00e9es (gratuitement ou non) \u00e0 toute filiale, soci\u00e9t\u00e9 affili\u00e9e ou soci\u00e9t\u00e9 m\u00e8re de Newmobility.news ;<\/li>\n<li>Newmobility.news peut partager ces informations avec des prestataires de services qui fournissent des services en son nom, des fournisseurs de contenu, des prestataires de services de paiement ou des services de messagerie. Ces entreprises n'obtiendront que les informations personnelles dont elles ont besoin pour fournir le service. Elles sont tenues de pr\u00e9server la confidentialit\u00e9 de vos informations et ne sont pas autoris\u00e9es \u00e0 les utiliser \u00e0 d'autres fins.<\/li>\n<li>ces informations peuvent \u00eatre divulgu\u00e9es dans le cadre d'une fusion, d'une acquisition ou d'une vente de la soci\u00e9t\u00e9 et\/ou de ses actifs, ainsi que dans le cas improbable d'une insolvabilit\u00e9, d'une faillite ou d'une mise sous s\u00e9questre, auquel cas les informations personnelles seraient transf\u00e9r\u00e9es dans le cadre des actifs commerciaux de la soci\u00e9t\u00e9.<\/li>\n<li>ces informations peuvent \u00eatre divulgu\u00e9es si la loi l'exige ou si Newmobility.news estime, en toute bonne foi, qu'une telle mesure est raisonnablement n\u00e9cessaire pour se conformer \u00e0 une proc\u00e9dure judiciaire, r\u00e9pondre \u00e0 des r\u00e9clamations ou prot\u00e9ger les droits de la soci\u00e9t\u00e9.<\/li>\n<\/ul>\n<p>Sauf mention contraire expresse dans la pr\u00e9sente politique de confidentialit\u00e9, Newmobility.news ne vend, ne partage ni ne loue \u00e0 des tiers aucune information personnelle concernant les utilisateurs de son site.<\/p>\n<h4>V. Vos droits concernant vos informations personnelles<\/h4>\n<p>Vous pouvez nous envoyer votre demande de modification par e-mail \u00e0 l'adresse info@newmobility.news.<\/p>\n<p>Si vous souhaitez que vos donn\u00e9es personnelles soient supprim\u00e9es de nos fichiers, vous pouvez exercer votre droit en nous envoyant votre demande par e-mail \u00e0 l'adresse suivante : <a href=\"mailto:info@newmobility.news\" target=\"_blank\" rel=\"noopener\">info@newmobility.news<\/a>.<\/p>\n<h4>VI Cookies<\/h4>\n<p>Lorsque vous visitez notre site Web, Newmobility.news envoie un cookie \u00e0 votre ordinateur. Un cookie est un petit fichier qui r\u00e9side sur le disque dur de votre ordinateur et contient des informations \u00e9lectroniques identifiables qui identifient l'ordinateur de l'utilisateur (informations non identifiables personnellement). Les cookies permettent \u00e0 Newmobility.news de rendre son site Web plus utile en stockant des informations sur vos pr\u00e9f\u00e9rences. Par exemple, les cookies vous permettront de r\u00e9cup\u00e9rer une recherche d'image pr\u00e9c\u00e9dente. Vous pouvez configurer les options de votre navigateur pour qu'il n'accepte pas les cookies, mais cela peut vous emp\u00eacher d'acc\u00e9der \u00e0 toutes les fonctionnalit\u00e9s de ce site.<\/p>\n<h4>VII S\u00e9curit\u00e9<\/h4>\n<p>La s\u00e9curit\u00e9 de vos informations personnelles est importante pour Newmobility.news. Afin de prot\u00e9ger la confidentialit\u00e9 de vos informations personnelles, Newmobility.news a mis en place un certain nombre de fonctions op\u00e9rationnelles. Par exemple, lorsque vous saisissez des informations sensibles (telles que des informations de carte de cr\u00e9dit), nous cryptons ces informations \u00e0 l'aide du protocole SSL (Secure Socket Layer) standard. Le protocole SSL code les informations transf\u00e9r\u00e9es entre vous et le serveur, les rendant illisibles pour toute personne qui tenterait de les intercepter. Cependant, la s\u00e9curit\u00e9 parfaite sur Internet n'existe pas, et Newmobility.news ne garantit pas que son site web soit imp\u00e9n\u00e9trable ou invuln\u00e9rable aux pirates informatiques.<\/p>\n<h4>VIII Liens<\/h4>\n<p>Veuillez noter que ce site Web peut contenir des liens vers d'autres sites qui sont r\u00e9gis par leurs propres politiques de confidentialit\u00e9. Newmobility.news n'est pas responsable des pratiques de confidentialit\u00e9 de ces autres sites et nous encourageons nos utilisateurs \u00e0 en \u00eatre conscients lorsqu'ils quittent notre site. Nous recommandons \u00e0 nos utilisateurs de lire les d\u00e9clarations de confidentialit\u00e9 de chaque site Web qui recueille des informations personnelles identifiables.<\/p>\n<h4>IX Enfants<\/h4>\n<p>Nous n'avons pas l'intention de solliciter ou de collecter des informations personnelles aupr\u00e8s de personnes \u00e2g\u00e9es de moins de 18 ans. Si vous avez moins de 18 ans, ne fournissez aucune information personnelle sur ce site.<\/p>\n<h4>Modification de la politique de confidentialit\u00e9<\/h4>\n<p>Newmobility.news se r\u00e9serve le droit de modifier \u00e0 tout moment les conditions de la pr\u00e9sente politique de confidentialit\u00e9, \u00e0 sa seule discr\u00e9tion ou si cela s'av\u00e8re n\u00e9cessaire en raison de changements dans la l\u00e9gislation ou les pratiques commerciales. Toute modification sera publi\u00e9e sur cette page, avec indication en haut de la page de la date de la derni\u00e8re mise \u00e0 jour.<\/p>\n<p>Si vous avez des questions concernant notre politique de confidentialit\u00e9, veuillez nous contacter au +32 (0)475 43 91 22 ou par e-mail \u00e0 l'adresse <a href=\"mailto:info@newmobility.news\">info@newmobility.news<\/a>.<\/p>\n<\/div>\n<\/div>\n<\/div>\n<\/div>\n<\/div>","protected":false},"excerpt":{"rendered":"<p>B2BNews Agency bvba\/sprl trading under the name of Newmobility.news as the controller and processor of the personal information collected through the use of this site is committed in protecting your privacy. In this regard, Newmobility.news has adopted this Privacy Policy which tells you the information we collect online and how we use it. By using [&hellip;]<\/p>\n","protected":false},"author":6,"featured_media":0,"parent":0,"menu_order":0,"comment_status":"closed","ping_status":"closed","template":"page-narrow.php","meta":{"_acf_changed":false,"footnotes":""},"class_list":["post-2039","page","type-page","status-publish","hentry"],"acf":[],"featured_image_urls_v2":{"full":"","thumbnail":"","medium":"","medium_large":"","large":"","1536x1536":"","2048x2048":"","trp-custom-language-flag":"","related-thumb":"","gform-image-choice-sm":"","gform-image-choice-md":"","gform-image-choice-lg":"","mailchimp":"","unipress-phone":"","unipress-tablet":"","unipress-tablet-portrait":"","unipress-tablet-landscape":"","unipress-smartphone":"","unipress-wide-screen":""},"post_excerpt_stackable_v2":"<p>B2BNews Agency bvba\/sprl trading under the name of Newmobility.news as the controller and processor of the personal information collected through the use of this site is committed in protecting your privacy. In this regard, Newmobility.news has adopted this Privacy Policy which tells you the information we collect online and how we use it. By using this site, you understand and agree to the terms hereby stated. I Collection of personal information a) Personal information collected automatically When you visit our site, certain information may be collected automatically such as the website that referred you to us, your IP address, information&hellip;<\/p>\n","category_list_v2":"","author_info_v2":{"name":"Joris Van Roy","url":"https:\/\/newmobility.news\/fr\/author\/jvrbelga-be\/"},"comments_num_v2":"0 comments","yoast_head":"<!-- This site is optimized with the Yoast SEO plugin v27.6 - https:\/\/yoast.com\/product\/yoast-seo-wordpress\/ -->\n<title>Privacy Policy - newmobility.news<\/title>\n<meta name=\"robots\" content=\"noindex, follow\" \/>\n<meta property=\"og:locale\" content=\"fr_FR\" \/>\n<meta property=\"og:type\" content=\"article\" \/>\n<meta property=\"og:title\" content=\"Privacy Policy - newmobility.news\" \/>\n<meta property=\"og:description\" content=\"B2BNews Agency bvba\/sprl trading under the name of Newmobility.news as the controller and processor of the personal information collected through the use of this site is committed in protecting your privacy. In this regard, Newmobility.news has adopted this Privacy Policy which tells you the information we collect online and how we use it. By using [&hellip;]\" \/>\n<meta property=\"og:url\" content=\"https:\/\/newmobility.news\/fr\/politique-de-confidentialite\/\" \/>\n<meta property=\"og:site_name\" content=\"newmobility.news\" \/>\n<meta property=\"article:publisher\" content=\"https:\/\/www.facebook.com\/search\/top\/?q=newmobility.news\" \/>\n<meta property=\"article:modified_time\" content=\"2022-02-12T03:23:19+00:00\" \/>\n<meta property=\"og:image\" content=\"https:\/\/i0.wp.com\/newmobility.news\/wp-content\/uploads\/2017\/12\/Newmobility-app4.png?fit=426%2C426&ssl=1\" \/>\n\t<meta property=\"og:image:width\" content=\"426\" \/>\n\t<meta property=\"og:image:height\" content=\"426\" \/>\n\t<meta property=\"og:image:type\" content=\"image\/png\" \/>\n<meta name=\"twitter:card\" content=\"summary_large_image\" \/>\n<meta name=\"twitter:site\" content=\"@jorisvry\" \/>\n<meta name=\"twitter:label1\" content=\"Dur\u00e9e de lecture est.\" \/>\n\t<meta name=\"twitter:data1\" content=\"5 minutes\" \/>\n<script type=\"application\/ld+json\" class=\"yoast-schema-graph\">{\"@context\":\"https:\\\/\\\/schema.org\",\"@graph\":[{\"@type\":\"WebPage\",\"@id\":\"https:\\\/\\\/newmobility.news\\\/privacy-policy\\\/\",\"url\":\"https:\\\/\\\/newmobility.news\\\/privacy-policy\\\/\",\"name\":\"Privacy Policy - newmobility.news\",\"isPartOf\":{\"@id\":\"https:\\\/\\\/newmobility.news\\\/#website\"},\"datePublished\":\"2017-03-31T07:20:32+00:00\",\"dateModified\":\"2022-02-12T03:23:19+00:00\",\"breadcrumb\":{\"@id\":\"https:\\\/\\\/newmobility.news\\\/privacy-policy\\\/#breadcrumb\"},\"inLanguage\":\"fr-BE\",\"potentialAction\":[{\"@type\":\"ReadAction\",\"target\":[\"https:\\\/\\\/newmobility.news\\\/privacy-policy\\\/\"]}]},{\"@type\":\"BreadcrumbList\",\"@id\":\"https:\\\/\\\/newmobility.news\\\/privacy-policy\\\/#breadcrumb\",\"itemListElement\":[{\"@type\":\"ListItem\",\"position\":1,\"name\":\"Home\",\"item\":\"https:\\\/\\\/newmobility.news\\\/\"},{\"@type\":\"ListItem\",\"position\":2,\"name\":\"Privacy Policy\"}]},{\"@type\":\"WebSite\",\"@id\":\"https:\\\/\\\/newmobility.news\\\/#website\",\"url\":\"https:\\\/\\\/newmobility.news\\\/\",\"name\":\"newmobility.news\",\"description\":\"A B2BNews Agency\u00ae news service for mobility business proessional\",\"publisher\":{\"@id\":\"https:\\\/\\\/newmobility.news\\\/#organization\"},\"potentialAction\":[{\"@type\":\"SearchAction\",\"target\":{\"@type\":\"EntryPoint\",\"urlTemplate\":\"https:\\\/\\\/newmobility.news\\\/?s={search_term_string}\"},\"query-input\":{\"@type\":\"PropertyValueSpecification\",\"valueRequired\":true,\"valueName\":\"search_term_string\"}}],\"inLanguage\":\"fr-BE\"},{\"@type\":\"Organization\",\"@id\":\"https:\\\/\\\/newmobility.news\\\/#organization\",\"name\":\"B2BNews Agency\",\"url\":\"https:\\\/\\\/newmobility.news\\\/\",\"logo\":{\"@type\":\"ImageObject\",\"inLanguage\":\"fr-BE\",\"@id\":\"https:\\\/\\\/newmobility.news\\\/#\\\/schema\\\/logo\\\/image\\\/\",\"url\":\"https:\\\/\\\/newmobility.news\\\/wp-content\\\/uploads\\\/2018\\\/01\\\/b2bnews-agency-logo.png\",\"contentUrl\":\"https:\\\/\\\/newmobility.news\\\/wp-content\\\/uploads\\\/2018\\\/01\\\/b2bnews-agency-logo.png\",\"width\":\"581\",\"height\":\"117\",\"caption\":\"B2BNews Agency\"},\"image\":{\"@id\":\"https:\\\/\\\/newmobility.news\\\/#\\\/schema\\\/logo\\\/image\\\/\"},\"sameAs\":[\"https:\\\/\\\/www.facebook.com\\\/search\\\/top\\\/?q=newmobility.news\",\"https:\\\/\\\/x.com\\\/jorisvry\",\"https:\\\/\\\/www.linkedin.com\\\/in\\\/jorisvanroy\\\/\",\"https:\\\/\\\/nl.pinterest.com\\\/jorisvanroy\\\/\"]}]}<\/script>\n<!-- \/ Yoast SEO plugin. -->","yoast_head_json":{"title":"Politique de confidentialit\u00e9 - newmobility.news","robots":{"index":"noindex","follow":"follow"},"og_locale":"fr_FR","og_type":"article","og_title":"Privacy Policy - newmobility.news","og_description":"B2BNews Agency bvba\/sprl trading under the name of Newmobility.news as the controller and processor of the personal information collected through the use of this site is committed in protecting your privacy. In this regard, Newmobility.news has adopted this Privacy Policy which tells you the information we collect online and how we use it. By using [&hellip;]","og_url":"https:\/\/newmobility.news\/fr\/politique-de-confidentialite\/","og_site_name":"newmobility.news","article_publisher":"https:\/\/www.facebook.com\/search\/top\/?q=newmobility.news","article_modified_time":"2022-02-12T03:23:19+00:00","og_image":[{"width":426,"height":426,"url":"https:\/\/i0.wp.com\/newmobility.news\/wp-content\/uploads\/2017\/12\/Newmobility-app4.png?fit=426%2C426&ssl=1","type":"image\/png"}],"twitter_card":"summary_large_image","twitter_site":"@jorisvry","twitter_misc":{"Dur\u00e9e de lecture est.":"5 minutes"},"schema":{"@context":"https:\/\/schema.org","@graph":[{"@type":"WebPage","@id":"https:\/\/newmobility.news\/privacy-policy\/","url":"https:\/\/newmobility.news\/privacy-policy\/","name":"Politique de confidentialit\u00e9 - newmobility.news","isPartOf":{"@id":"https:\/\/newmobility.news\/#website"},"datePublished":"2017-03-31T07:20:32+00:00","dateModified":"2022-02-12T03:23:19+00:00","breadcrumb":{"@id":"https:\/\/newmobility.news\/privacy-policy\/#breadcrumb"},"inLanguage":"fr-BE","potentialAction":[{"@type":"ReadAction","target":["https:\/\/newmobility.news\/privacy-policy\/"]}]},{"@type":"BreadcrumbList","@id":"https:\/\/newmobility.news\/privacy-policy\/#breadcrumb","itemListElement":[{"@type":"ListItem","position":1,"name":"Home","item":"https:\/\/newmobility.news\/"},{"@type":"ListItem","position":2,"name":"Privacy Policy"}]},{"@type":"WebSite","@id":"https:\/\/newmobility.news\/#website","url":"https:\/\/newmobility.news\/","name":"nouveaumobilit\u00e9.actualit\u00e9s","description":"Un service d'information B2BNews Agency\u00ae destin\u00e9 aux professionnels de la mobilit\u00e9","publisher":{"@id":"https:\/\/newmobility.news\/#organization"},"potentialAction":[{"@type":"SearchAction","target":{"@type":"EntryPoint","urlTemplate":"https:\/\/newmobility.news\/?s={search_term_string}"},"query-input":{"@type":"PropertyValueSpecification","valueRequired":true,"valueName":"search_term_string"}}],"inLanguage":"fr-BE"},{"@type":"Organization","@id":"https:\/\/newmobility.news\/#organization","name":"Agence de presse B2BNews","url":"https:\/\/newmobility.news\/","logo":{"@type":"ImageObject","inLanguage":"fr-BE","@id":"https:\/\/newmobility.news\/#\/schema\/logo\/image\/","url":"https:\/\/newmobility.news\/wp-content\/uploads\/2018\/01\/b2bnews-agency-logo.png","contentUrl":"https:\/\/newmobility.news\/wp-content\/uploads\/2018\/01\/b2bnews-agency-logo.png","width":"581","height":"117","caption":"B2BNews Agency"},"image":{"@id":"https:\/\/newmobility.news\/#\/schema\/logo\/image\/"},"sameAs":["https:\/\/www.facebook.com\/search\/top\/?q=newmobility.news","https:\/\/x.com\/jorisvry","https:\/\/www.linkedin.com\/in\/jorisvanroy\/","https:\/\/nl.pinterest.com\/jorisvanroy\/"]}]}},"jetpack_shortlink":"https:\/\/wp.me\/P9wJdU-wT","jetpack_sharing_enabled":true,"jetpack_likes_enabled":true,"jetpack-related-posts":[],"_links":{"self":[{"href":"https:\/\/newmobility.news\/fr\/wp-json\/wp\/v2\/pages\/2039","targetHints":{"allow":["GET"]}}],"collection":[{"href":"https:\/\/newmobility.news\/fr\/wp-json\/wp\/v2\/pages"}],"about":[{"href":"https:\/\/newmobility.news\/fr\/wp-json\/wp\/v2\/types\/page"}],"author":[{"embeddable":true,"href":"https:\/\/newmobility.news\/fr\/wp-json\/wp\/v2\/users\/6"}],"replies":[{"embeddable":true,"href":"https:\/\/newmobility.news\/fr\/wp-json\/wp\/v2\/comments?post=2039"}],"version-history":[{"count":0,"href":"https:\/\/newmobility.news\/fr\/wp-json\/wp\/v2\/pages\/2039\/revisions"}],"wp:attachment":[{"href":"https:\/\/newmobility.news\/fr\/wp-json\/wp\/v2\/media?parent=2039"}],"curies":[{"name":"wp","href":"https:\/\/api.w.org\/{rel}","templated":true}]}}